{"id":2,"date":"2018-10-04T20:45:22","date_gmt":"2018-10-04T20:45:22","guid":{"rendered":"http:\/\/shop.ftteam.com\/?page_id=2"},"modified":"2025-01-07T11:42:30","modified_gmt":"2025-01-07T11:42:30","slug":"about","status":"publish","type":"page","link":"https:\/\/shop.ftteam.com\/en\/about\/","title":{"rendered":"About &#8211; om FT Team Webbshop"},"content":{"rendered":"<p>FT Team \u00e4r en del av Limpan&#8217;s SpeedShop, ett hobbyf\u00f6retag som drivs av Peter &#8221;Limpan&#8221; Lindberg. Det h\u00e5ller till i Flakeberg utanf\u00f6r Gr\u00e4storp i V\u00e4sterg\u00f6tland, p\u00e5 den s\u00e5 kallade &#8221;Schl\u00e4tta&#8221;, V\u00e4stg\u00f6tasl\u00e4tten. jag vill leverera bra delar prisv\u00e4rt. Vissa \u00e4r renoverade eller uppsnyggade. Andra s\u00e4ljs som de \u00e4r. Med tiden kommer jag sannolikt \u00e4ven att ha nya delar. Limpan&#8217;s SpeedShop sysslar med renovering av motorer, lagning och slipning av grenr\u00f6r och grejor som speedshop:en g\u00f6r kommer ocks\u00e5 att s\u00e4ljas i webbshoppen.<\/p>\n\n\n\n<p>Motorer jag jobbar med:<br><br>&#8211; Porsche luftkylt<br>&#8211; Volvo r\u00f6dmotorer &amp; 4\/5\/6-cylindriga &#8221;vitmotorer&#8221;<br>&#8211; Saab 16V B202 &#8211; B205, Saab V4<br>&#8211; VW luftkylt<\/p>\n\n\n\n<p>\/\/Peter &#8221;Limpan&#8221; Lindberg<br><br>We follow alla local and EU laws on data handling and integrity such as GDPR etc. You can always ask to have your data removed. Only visitors making a purchase are usually stored.<\/p>\n\n\n\n<p><\/p>","protected":false},"excerpt":{"rendered":"<p>FT Team \u00e4r en del av Limpan&#8217;s SpeedShop, ett hobbyf\u00f6retag som drivs av Peter &#8221;Limpan&#8221; Lindberg. Det h\u00e5ller till i Flakeberg utanf\u00f6r Gr\u00e4storp i V\u00e4sterg\u00f6tland, p\u00e5 den s\u00e5 kallade &#8221;Schl\u00e4tta&#8221;, V\u00e4stg\u00f6tasl\u00e4tten. jag vill leverera bra delar prisv\u00e4rt. Vissa \u00e4r renoverade eller uppsnyggade. Andra s\u00e4ljs som de \u00e4r. Med tiden kommer jag sannolikt \u00e4ven att ha [&hellip;]<\/p>\n","protected":false},"author":5,"featured_media":0,"parent":0,"menu_order":0,"comment_status":"open","ping_status":"open","template":"","meta":{"advanced_seo_description":"","jetpack_seo_html_title":"","jetpack_seo_noindex":false,"jetpack_post_was_ever_published":false,"footnotes":""},"class_list":["post-2","page","type-page","status-publish","hentry"],"jetpack_sharing_enabled":true,"jetpack_shortlink":"https:\/\/wp.me\/Paksyo-2","_links":{"self":[{"href":"https:\/\/shop.ftteam.com\/en\/wp-json\/wp\/v2\/pages\/2","targetHints":{"allow":["GET"]}}],"collection":[{"href":"https:\/\/shop.ftteam.com\/en\/wp-json\/wp\/v2\/pages"}],"about":[{"href":"https:\/\/shop.ftteam.com\/en\/wp-json\/wp\/v2\/types\/page"}],"author":[{"embeddable":true,"href":"https:\/\/shop.ftteam.com\/en\/wp-json\/wp\/v2\/users\/5"}],"replies":[{"embeddable":true,"href":"https:\/\/shop.ftteam.com\/en\/wp-json\/wp\/v2\/comments?post=2"}],"version-history":[{"count":0,"href":"https:\/\/shop.ftteam.com\/en\/wp-json\/wp\/v2\/pages\/2\/revisions"}],"wp:attachment":[{"href":"https:\/\/shop.ftteam.com\/en\/wp-json\/wp\/v2\/media?parent=2"}],"curies":[{"name":"wp","href":"https:\/\/api.w.org\/{rel}","templated":true}]}}