{"id":214,"date":"2023-03-02T20:23:38","date_gmt":"2023-03-02T20:23:38","guid":{"rendered":"https:\/\/shop.ftteam.com\/?post_type=product&#038;p=214"},"modified":"2023-03-09T23:35:33","modified_gmt":"2023-03-09T23:35:33","slug":"ford-mondeo-gen3-bensin-2-0-kylflakt","status":"publish","type":"product","link":"https:\/\/shop.ftteam.com\/en\/product\/ford-mondeo-gen3-bensin-2-0-kylflakt\/","title":{"rendered":"Ford Mondeo gen3 bensin 2.0 kylfl\u00e4kt"},"content":{"rendered":"<figure class=\"wp-block-image\"><img decoding=\"async\" data-src=\"https:\/\/shop.ftteam.com\/wp-content\/uploads\/2023\/03\/IMG_1328_1600.jpg\" alt=\"ford mondeo kylfl\u00e4kt\" src=\"data:image\/svg+xml;base64,PHN2ZyB3aWR0aD0iMSIgaGVpZ2h0PSIxIiB4bWxucz0iaHR0cDovL3d3dy53My5vcmcvMjAwMC9zdmciPjwvc3ZnPg==\" class=\"lazyload\" style=\"--smush-placeholder-width: 1600px; --smush-placeholder-aspect-ratio: 1600\/1200;\" \/><\/figure>\n\n\n\n<p><\/p>","protected":false},"excerpt":{"rendered":"<p><!-- wp:paragraph {\"placeholder\":\"Sammanfatta denna produkt i 1-2 korta meningar. Vi visar sammanfattningen h\u00f6gst upp p\u00e5 sidan.\"} --><\/p>\n<p>Kylfl\u00e4kt f\u00f6r andra generationens Ford mond\u00e4n med bensinmotor<\/p>\n<p><!-- \/wp:paragraph --><\/p>","protected":false},"featured_media":219,"comment_status":"open","ping_status":"closed","template":"","meta":{"advanced_seo_description":"","jetpack_seo_html_title":"","jetpack_seo_noindex":false,"jetpack_post_was_ever_published":false},"product_brand":[],"product_cat":[34,93,94,16],"product_tag":[97,95,98,99,96],"class_list":{"0":"post-214","1":"product","2":"type-product","3":"status-publish","4":"has-post-thumbnail","6":"product_cat-ford","7":"product_cat-ford-mondeo-gen3-01-06","8":"product_cat-ford-mondeo-kylsystem-gen3","9":"product_cat-okategoriserad","10":"product_tag-flakt","11":"product_tag-kyl","12":"product_tag-kylare","13":"product_tag-kylflakt","14":"product_tag-kylsystem","15":"product_shipping_class-paket-10-kg-70-x-25-x-25","17":"first","18":"instock","19":"shipping-taxable","20":"purchasable","21":"product-type-simple"},"jetpack_sharing_enabled":true,"_links":{"self":[{"href":"https:\/\/shop.ftteam.com\/en\/wp-json\/wp\/v2\/product\/214","targetHints":{"allow":["GET"]}}],"collection":[{"href":"https:\/\/shop.ftteam.com\/en\/wp-json\/wp\/v2\/product"}],"about":[{"href":"https:\/\/shop.ftteam.com\/en\/wp-json\/wp\/v2\/types\/product"}],"replies":[{"embeddable":true,"href":"https:\/\/shop.ftteam.com\/en\/wp-json\/wp\/v2\/comments?post=214"}],"wp:featuredmedia":[{"embeddable":true,"href":"https:\/\/shop.ftteam.com\/en\/wp-json\/wp\/v2\/media\/219"}],"wp:attachment":[{"href":"https:\/\/shop.ftteam.com\/en\/wp-json\/wp\/v2\/media?parent=214"}],"wp:term":[{"taxonomy":"product_brand","embeddable":true,"href":"https:\/\/shop.ftteam.com\/en\/wp-json\/wp\/v2\/product_brand?post=214"},{"taxonomy":"product_cat","embeddable":true,"href":"https:\/\/shop.ftteam.com\/en\/wp-json\/wp\/v2\/product_cat?post=214"},{"taxonomy":"product_tag","embeddable":true,"href":"https:\/\/shop.ftteam.com\/en\/wp-json\/wp\/v2\/product_tag?post=214"}],"curies":[{"name":"wp","href":"https:\/\/api.w.org\/{rel}","templated":true}]}}