{"id":330,"date":"2023-03-03T21:46:54","date_gmt":"2023-03-03T21:46:54","guid":{"rendered":"https:\/\/shop.ftteam.com\/produkt\/ford-2gen-mondeo-dorrlas-med-centrallasmotor\/"},"modified":"2023-03-09T23:32:33","modified_gmt":"2023-03-09T23:32:33","slug":"ford-gen3n-mondeo-dorrlas-med-centrallasmotor","status":"publish","type":"product","link":"https:\/\/shop.ftteam.com\/en\/product\/ford-gen3n-mondeo-dorrlas-med-centrallasmotor\/","title":{"rendered":"Ford gen3 Mondeo &#8211; D\u00f6rrl\u00e5s med centrall\u00e5smotor"},"content":{"rendered":"<p>Ford 2gen Mondeo &#8211; D\u00f6rrl\u00e5s med centrall\u00e5smotor<\/p>","protected":false},"excerpt":{"rendered":"<p><!-- wp:paragraph {\"placeholder\":\"Sammanfatta denna produkt i 1-2 korta meningar. Vi visar sammanfattningen h\u00f6gst upp p\u00e5 sidan.\"} --><\/p>\n<p>Ford 2gen Mondeo &#8211; D\u00f6rrl\u00e5s med centrall\u00e5smotor<\/p>\n<p><!-- \/wp:paragraph --><\/p>","protected":false},"featured_media":276,"comment_status":"open","ping_status":"closed","template":"","meta":{"advanced_seo_description":"","jetpack_seo_html_title":"","jetpack_seo_noindex":false,"jetpack_post_was_ever_published":false},"product_brand":[],"product_cat":[34,93,108],"product_tag":[],"class_list":{"0":"post-330","1":"product","2":"type-product","3":"status-publish","4":"has-post-thumbnail","6":"product_cat-ford","7":"product_cat-ford-mondeo-gen3-01-06","8":"product_cat-ford-mondeo-las-dorrar","9":"product_shipping_class-paket-2-kg-30-x-20-x-20","11":"first","12":"instock","13":"shipping-taxable","14":"purchasable","15":"product-type-simple"},"jetpack_sharing_enabled":true,"_links":{"self":[{"href":"https:\/\/shop.ftteam.com\/en\/wp-json\/wp\/v2\/product\/330","targetHints":{"allow":["GET"]}}],"collection":[{"href":"https:\/\/shop.ftteam.com\/en\/wp-json\/wp\/v2\/product"}],"about":[{"href":"https:\/\/shop.ftteam.com\/en\/wp-json\/wp\/v2\/types\/product"}],"replies":[{"embeddable":true,"href":"https:\/\/shop.ftteam.com\/en\/wp-json\/wp\/v2\/comments?post=330"}],"wp:featuredmedia":[{"embeddable":true,"href":"https:\/\/shop.ftteam.com\/en\/wp-json\/wp\/v2\/media\/276"}],"wp:attachment":[{"href":"https:\/\/shop.ftteam.com\/en\/wp-json\/wp\/v2\/media?parent=330"}],"wp:term":[{"taxonomy":"product_brand","embeddable":true,"href":"https:\/\/shop.ftteam.com\/en\/wp-json\/wp\/v2\/product_brand?post=330"},{"taxonomy":"product_cat","embeddable":true,"href":"https:\/\/shop.ftteam.com\/en\/wp-json\/wp\/v2\/product_cat?post=330"},{"taxonomy":"product_tag","embeddable":true,"href":"https:\/\/shop.ftteam.com\/en\/wp-json\/wp\/v2\/product_tag?post=330"}],"curies":[{"name":"wp","href":"https:\/\/api.w.org\/{rel}","templated":true}]}}