{"id":334,"date":"2023-03-04T00:05:02","date_gmt":"2023-03-04T00:05:02","guid":{"rendered":"https:\/\/shop.ftteam.com\/produkt\/ford-moneo-gen3-fonsterhissmotor-framdorr\/"},"modified":"2023-04-14T07:26:54","modified_gmt":"2023-04-14T07:26:54","slug":"ford-moneo-gen3-fonsterhissmotor-framdorr","status":"publish","type":"product","link":"https:\/\/shop.ftteam.com\/en\/product\/ford-moneo-gen3-fonsterhissmotor-framdorr\/","title":{"rendered":"Ford Mondeo gen3 f\u00f6nsterhissmotor framd\u00f6rr v\u00e4nster"},"content":{"rendered":"<p>Ford Moneo gen3 f\u00f6nsterhissmotor framd\u00f6rr<\/p>","protected":false},"excerpt":{"rendered":"<p><!-- wp:paragraph {\"placeholder\":\"Sammanfatta denna produkt i 1-2 korta meningar. Vi visar sammanfattningen h\u00f6gst upp p\u00e5 sidan.\"} --><\/p>\n<p>Ford Moneo gen3 f\u00f6nsterhissmotor framd\u00f6rr<\/p>\n<p><!-- \/wp:paragraph --><\/p>","protected":false},"featured_media":294,"comment_status":"open","ping_status":"closed","template":"","meta":{"advanced_seo_description":"","jetpack_seo_html_title":"","jetpack_seo_noindex":false,"jetpack_post_was_ever_published":false},"product_brand":[],"product_cat":[34,93,108],"product_tag":[],"class_list":{"0":"post-334","1":"product","2":"type-product","3":"status-publish","4":"has-post-thumbnail","6":"product_cat-ford","7":"product_cat-ford-mondeo-gen3-01-06","8":"product_cat-ford-mondeo-las-dorrar","9":"product_shipping_class-paket-1kg-30-x-20-x-10","11":"first","12":"instock","13":"shipping-taxable","14":"purchasable","15":"product-type-simple"},"jetpack_sharing_enabled":true,"_links":{"self":[{"href":"https:\/\/shop.ftteam.com\/en\/wp-json\/wp\/v2\/product\/334","targetHints":{"allow":["GET"]}}],"collection":[{"href":"https:\/\/shop.ftteam.com\/en\/wp-json\/wp\/v2\/product"}],"about":[{"href":"https:\/\/shop.ftteam.com\/en\/wp-json\/wp\/v2\/types\/product"}],"replies":[{"embeddable":true,"href":"https:\/\/shop.ftteam.com\/en\/wp-json\/wp\/v2\/comments?post=334"}],"wp:featuredmedia":[{"embeddable":true,"href":"https:\/\/shop.ftteam.com\/en\/wp-json\/wp\/v2\/media\/294"}],"wp:attachment":[{"href":"https:\/\/shop.ftteam.com\/en\/wp-json\/wp\/v2\/media?parent=334"}],"wp:term":[{"taxonomy":"product_brand","embeddable":true,"href":"https:\/\/shop.ftteam.com\/en\/wp-json\/wp\/v2\/product_brand?post=334"},{"taxonomy":"product_cat","embeddable":true,"href":"https:\/\/shop.ftteam.com\/en\/wp-json\/wp\/v2\/product_cat?post=334"},{"taxonomy":"product_tag","embeddable":true,"href":"https:\/\/shop.ftteam.com\/en\/wp-json\/wp\/v2\/product_tag?post=334"}],"curies":[{"name":"wp","href":"https:\/\/api.w.org\/{rel}","templated":true}]}}