{"id":4156,"date":"2025-02-09T15:00:12","date_gmt":"2025-02-09T15:00:12","guid":{"rendered":"https:\/\/shop.ftteam.com\/?post_type=product&#038;p=4156"},"modified":"2025-02-09T15:01:38","modified_gmt":"2025-02-09T15:01:38","slug":"dack-montering-balansering18-20-4-st","status":"publish","type":"product","link":"https:\/\/shop.ftteam.com\/en\/product\/dack-montering-balansering18-20-4-st\/","title":{"rendered":"D\u00e4ck &#8211; montering &#038; balansering18-20&#8243; 4 st"},"content":{"rendered":"<p>Montering och balansering av 4 st d\u00e4ck &amp; f\u00e4lgar i storlekarna 18-20 tum. minst 40-profil (l\u00e4gre profil \u00e4r sv\u00e5rare och mer tidskr\u00e4vande och tar mer tid).<\/p>\n<p>Detta pris g\u00e4ller vid avl\u00e4mning av d\u00e4ck och f\u00e4lg alternativt att d\u00e4cken levereras av speditionsf\u00f6retag och f\u00e4lgarna l\u00e4mnas h\u00e4r och monteras etc inom 2 dygn. Reservation f\u00f6r of\u00f6rutsedda h\u00e4ndelser och udda f\u00e4lgar \/ d\u00e4ck.<\/p>","protected":false},"excerpt":{"rendered":"<p>Montering och balansering av 4 st d\u00e4ck &amp; f\u00e4lgar i storlekarna 13-17 tum. minst 40-profil (l\u00e4gre profil \u00e4r sv\u00e5rare och mer tidskr\u00e4vande och tar mer tid).<\/p>","protected":false},"featured_media":0,"comment_status":"open","ping_status":"closed","template":"","meta":{"advanced_seo_description":"","jetpack_seo_html_title":"","jetpack_seo_noindex":false,"jetpack_post_was_ever_published":false},"product_brand":[],"product_cat":[137,138],"product_tag":[],"class_list":{"0":"post-4156","1":"product","2":"type-product","3":"status-publish","5":"product_cat-dack-falg","6":"product_cat-montering-balansering","8":"first","9":"instock","10":"sale","11":"virtual","12":"purchasable","13":"product-type-simple"},"jetpack_sharing_enabled":true,"_links":{"self":[{"href":"https:\/\/shop.ftteam.com\/en\/wp-json\/wp\/v2\/product\/4156","targetHints":{"allow":["GET"]}}],"collection":[{"href":"https:\/\/shop.ftteam.com\/en\/wp-json\/wp\/v2\/product"}],"about":[{"href":"https:\/\/shop.ftteam.com\/en\/wp-json\/wp\/v2\/types\/product"}],"replies":[{"embeddable":true,"href":"https:\/\/shop.ftteam.com\/en\/wp-json\/wp\/v2\/comments?post=4156"}],"wp:attachment":[{"href":"https:\/\/shop.ftteam.com\/en\/wp-json\/wp\/v2\/media?parent=4156"}],"wp:term":[{"taxonomy":"product_brand","embeddable":true,"href":"https:\/\/shop.ftteam.com\/en\/wp-json\/wp\/v2\/product_brand?post=4156"},{"taxonomy":"product_cat","embeddable":true,"href":"https:\/\/shop.ftteam.com\/en\/wp-json\/wp\/v2\/product_cat?post=4156"},{"taxonomy":"product_tag","embeddable":true,"href":"https:\/\/shop.ftteam.com\/en\/wp-json\/wp\/v2\/product_tag?post=4156"}],"curies":[{"name":"wp","href":"https:\/\/api.w.org\/{rel}","templated":true}]}}