{"id":4655,"date":"2025-03-17T20:05:28","date_gmt":"2025-03-17T20:05:28","guid":{"rendered":"https:\/\/shop.ftteam.com\/?post_type=product&#038;p=4655"},"modified":"2025-12-15T12:56:21","modified_gmt":"2025-12-15T12:56:21","slug":"gibson-medical-ffp3-andningsskydd-10-st-utganget-datum-2024-12","status":"publish","type":"product","link":"https:\/\/shop.ftteam.com\/en\/product\/gibson-medical-ffp3-andningsskydd-10-st-utganget-datum-2024-12\/","title":{"rendered":"Gibson Medical FFP3 Andningsskydd 10 st &#8211; K\u00f6p p\u00e5 Svaneg\u00e5rden.se"},"content":{"rendered":"<figure id=\"attachment_4682\" aria-describedby=\"caption-attachment-4682\" style=\"width: 300px\" class=\"wp-caption alignnone\"><a href=\"https:\/\/shop.ftteam.com\/wp-content\/uploads\/2025\/03\/ffp3_icon_10pk_large.jpg\"><img decoding=\"async\" class=\"size-medium wp-image-4682 lazyload\" data-src=\"https:\/\/shop.ftteam.com\/wp-content\/uploads\/2025\/03\/ffp3_icon_10pk_large-300x300.jpg\" alt=\"Andningsskydd FFP3 Gibson Medical - kartong\" width=\"300\" height=\"300\" data-srcset=\"https:\/\/shop.ftteam.com\/wp-content\/uploads\/2025\/03\/ffp3_icon_10pk_large-300x300.jpg 300w, https:\/\/shop.ftteam.com\/wp-content\/uploads\/2025\/03\/ffp3_icon_10pk_large-1024x1024.jpg 1024w, https:\/\/shop.ftteam.com\/wp-content\/uploads\/2025\/03\/ffp3_icon_10pk_large-150x150.jpg 150w, https:\/\/shop.ftteam.com\/wp-content\/uploads\/2025\/03\/ffp3_icon_10pk_large-768x768.jpg 768w, https:\/\/shop.ftteam.com\/wp-content\/uploads\/2025\/03\/ffp3_icon_10pk_large-12x12.jpg 12w, https:\/\/shop.ftteam.com\/wp-content\/uploads\/2025\/03\/ffp3_icon_10pk_large-324x324.jpg 324w, https:\/\/shop.ftteam.com\/wp-content\/uploads\/2025\/03\/ffp3_icon_10pk_large-416x416.jpg 416w, https:\/\/shop.ftteam.com\/wp-content\/uploads\/2025\/03\/ffp3_icon_10pk_large-100x100.jpg 100w, https:\/\/shop.ftteam.com\/wp-content\/uploads\/2025\/03\/ffp3_icon_10pk_large.jpg 1080w\" data-sizes=\"(max-width: 300px) 100vw, 300px\" src=\"data:image\/svg+xml;base64,PHN2ZyB3aWR0aD0iMSIgaGVpZ2h0PSIxIiB4bWxucz0iaHR0cDovL3d3dy53My5vcmcvMjAwMC9zdmciPjwvc3ZnPg==\" style=\"--smush-placeholder-width: 300px; --smush-placeholder-aspect-ratio: 300\/300;\" \/><\/a><figcaption id=\"caption-attachment-4682\" class=\"wp-caption-text\">Andningsskydd FFP3 Gibson Medical &#8211; kartong<\/figcaption><\/figure>\n<figure id=\"attachment_4681\" aria-describedby=\"caption-attachment-4681\" style=\"width: 300px\" class=\"wp-caption alignnone\"><a href=\"https:\/\/shop.ftteam.com\/wp-content\/uploads\/2025\/03\/EvK1n-AWYAQX0Lw.jpg\"><img decoding=\"async\" class=\"size-medium wp-image-4681 lazyload\" data-src=\"https:\/\/shop.ftteam.com\/wp-content\/uploads\/2025\/03\/EvK1n-AWYAQX0Lw-300x200.jpg\" alt=\"Andningsskydd FFP3 Gibson Medical - framifr\u00e5n\" width=\"300\" height=\"200\" data-srcset=\"https:\/\/shop.ftteam.com\/wp-content\/uploads\/2025\/03\/EvK1n-AWYAQX0Lw-300x200.jpg 300w, https:\/\/shop.ftteam.com\/wp-content\/uploads\/2025\/03\/EvK1n-AWYAQX0Lw-1024x683.jpg 1024w, https:\/\/shop.ftteam.com\/wp-content\/uploads\/2025\/03\/EvK1n-AWYAQX0Lw-768x512.jpg 768w, https:\/\/shop.ftteam.com\/wp-content\/uploads\/2025\/03\/EvK1n-AWYAQX0Lw-18x12.jpg 18w, https:\/\/shop.ftteam.com\/wp-content\/uploads\/2025\/03\/EvK1n-AWYAQX0Lw-416x277.jpg 416w, https:\/\/shop.ftteam.com\/wp-content\/uploads\/2025\/03\/EvK1n-AWYAQX0Lw.jpg 1080w\" data-sizes=\"(max-width: 300px) 100vw, 300px\" src=\"data:image\/svg+xml;base64,PHN2ZyB3aWR0aD0iMSIgaGVpZ2h0PSIxIiB4bWxucz0iaHR0cDovL3d3dy53My5vcmcvMjAwMC9zdmciPjwvc3ZnPg==\" style=\"--smush-placeholder-width: 300px; --smush-placeholder-aspect-ratio: 300\/200;\" \/><\/a><figcaption id=\"caption-attachment-4681\" class=\"wp-caption-text\">Andningsskydd FFP3 Gibson Medical &#8211; framifr\u00e5n<\/figcaption><\/figure>\n<figure id=\"attachment_4680\" aria-describedby=\"caption-attachment-4680\" style=\"width: 300px\" class=\"wp-caption alignnone\"><a href=\"https:\/\/shop.ftteam.com\/wp-content\/uploads\/2025\/03\/606eea6a2ac1816db37516ea_carusell05.jpg\"><img decoding=\"async\" class=\"size-medium wp-image-4680 lazyload\" data-src=\"https:\/\/shop.ftteam.com\/wp-content\/uploads\/2025\/03\/606eea6a2ac1816db37516ea_carusell05-300x300.jpg\" alt=\"Andningsskydd FFP3 Gibson Medical - sidovy\" width=\"300\" height=\"300\" data-srcset=\"https:\/\/shop.ftteam.com\/wp-content\/uploads\/2025\/03\/606eea6a2ac1816db37516ea_carusell05-300x300.jpg 300w, https:\/\/shop.ftteam.com\/wp-content\/uploads\/2025\/03\/606eea6a2ac1816db37516ea_carusell05-1024x1024.jpg 1024w, https:\/\/shop.ftteam.com\/wp-content\/uploads\/2025\/03\/606eea6a2ac1816db37516ea_carusell05-150x150.jpg 150w, https:\/\/shop.ftteam.com\/wp-content\/uploads\/2025\/03\/606eea6a2ac1816db37516ea_carusell05-768x768.jpg 768w, https:\/\/shop.ftteam.com\/wp-content\/uploads\/2025\/03\/606eea6a2ac1816db37516ea_carusell05-12x12.jpg 12w, https:\/\/shop.ftteam.com\/wp-content\/uploads\/2025\/03\/606eea6a2ac1816db37516ea_carusell05-324x324.jpg 324w, https:\/\/shop.ftteam.com\/wp-content\/uploads\/2025\/03\/606eea6a2ac1816db37516ea_carusell05-416x416.jpg 416w, https:\/\/shop.ftteam.com\/wp-content\/uploads\/2025\/03\/606eea6a2ac1816db37516ea_carusell05-100x100.jpg 100w, https:\/\/shop.ftteam.com\/wp-content\/uploads\/2025\/03\/606eea6a2ac1816db37516ea_carusell05.jpg 1080w\" data-sizes=\"(max-width: 300px) 100vw, 300px\" src=\"data:image\/svg+xml;base64,PHN2ZyB3aWR0aD0iMSIgaGVpZ2h0PSIxIiB4bWxucz0iaHR0cDovL3d3dy53My5vcmcvMjAwMC9zdmciPjwvc3ZnPg==\" style=\"--smush-placeholder-width: 300px; --smush-placeholder-aspect-ratio: 300\/300;\" \/><\/a><figcaption id=\"caption-attachment-4680\" class=\"wp-caption-text\">Andningsskydd FFP3 Gibson Medical &#8211; sidovy<\/figcaption><\/figure>\n<p>Dessa andningsskydd fr\u00e5n Gibson Medical klassade som FFP3 har bra passform medelstora till lite mindre ansikten. B\u00e4st f\u00f6re-datum \u00e4r december 2024, men tester har visat att FFP2 och FFP3 andningsskydd (likas\u00e5 N95, N99m KN94 etc) fungerar utm\u00e4rkt \u00e5ratal efter utg\u00e5ngsdatum, och dessa \u00e4r bara n\u00e5gra m\u00e5nader \u00f6ver tiden. Andningsskyddet har en n\u00e4sbrygga med skumt\u00e4tning som g\u00f6r att det blir t\u00e4tt runt n\u00e4san. Banden \u00e4r elastiska och har ring som g\u00f6r att man kan justera hur tight banden sitter p\u00e5 mindre huvuden. Masken \u00e4r l\u00e4tt att andas i och f\u00f6r typen ganska sval. Kan b\u00e4ras l\u00e4nge utan att man f\u00e5r ont osv. H\u00f6g kvalitet.<\/p>\n<p>Skyddar mot:<\/p>\n<p>\u2022 Bakterier &gt;99%<br \/>\n\u2022 Virus &gt;99%<br \/>\n\u2022 Damm<br \/>\n\u2022 M\u00f6gelsporer<\/p>\n<p>Anv\u00e4ndningsomr\u00e5den:<\/p>\n<p>\u2022 Skydd mot infektioner som Covid-19, influensa, f\u00f6rkylningar, RS-virus, M\u00e4sslingen, f\u00e5gelinfluensa (H5N1 lurar i vassen).<br \/>\n\u2022 G\u00f6r det s\u00e4kert att jobba i dammiga milj\u00f6er, eller d\u00e4r det finns m\u00f6gelproblematik<br \/>\n\u2022 Vid sanering d\u00e4r gnagare, f\u00e5glar. kackerlackor etc funnits och sl\u00e4ppt spillning osv.<br \/>\n\u2022 Djurh\u00e5llning &#8211; damm med fekalier eller urin kan vara mycket oh\u00e4lsosamt.<\/p>\n<p>Rekommendationer:<\/p>\n<p>D\u00e5 Covid-19 pandemin fortfarande fortg\u00e5r \u00e4r det viktigt att inte smittas i on\u00f6dan. Att upprepat smittas av Covid-19 leder till stora h\u00e4lsorisker f\u00f6r alla \u00e5ldrar, \u00e4ven om man \u00e4r vaccineras. Det finns inte heller n\u00e5gon anledning att smittas av influensa d\u00e5 \u00e4ven influensa orsakar stora p\u00e5frestningar p\u00e5 kroppen, s\u00e4rskilt om man innan haft Covid-19. Kunskapsl\u00e4get g\u00e4llande Covid-19 \u00e4r idag s\u00e5dant att man vet att upprepade infektioner med SARS-CoV-2-viruset med n\u00e4stan 100% s\u00e4kerhet leder till best\u00e5ende skador p\u00e5 hj\u00e4rna och organ samt immunf\u00f6rsvar och nervsystem. N\u00e4sta infektion kan bli den som g\u00f6r dig kroniskt sjuk<\/p>","protected":false},"excerpt":{"rendered":"<p>10 stycken andningsskydd fr\u00e5n Gibson Medical klassade som FFP3 har bra passform medelstora till lite mindre ansikten. Utg\u00e5nget datum, men funkar som de ska.<\/p>\n<p>OSB: F\u00f6rs\u00e4lningen av dess har flyttat till <a href=\"https:\/\/www.svanegarden.se\/produkt\/gibson-medical-ffp3-andningsskydd-utganget-datum-fullt-funktionella-10-st\/\">Svaneg\u00e5rden<\/a><\/p>","protected":false},"featured_media":4680,"comment_status":"open","ping_status":"closed","template":"","meta":{"advanced_seo_description":"","jetpack_seo_html_title":"","jetpack_seo_noindex":false,"jetpack_post_was_ever_published":false},"product_brand":[141],"product_cat":[140,139],"product_tag":[143,146,149,142,148,145,151,147,150,144],"class_list":{"0":"post-4655","1":"product","2":"type-product","3":"status-publish","4":"has-post-thumbnail","6":"product_brand-gibson-medical","7":"product_cat-andningsskydd-ffp2-ffp3","8":"product_cat-skyddsprodukter","9":"product_tag-andningsskydd","10":"product_tag-covid-19","11":"product_tag-damm","12":"product_tag-ffp3","13":"product_tag-mogel","14":"product_tag-sars-cov-2","15":"product_tag-skydd-mot-covid-19","16":"product_tag-skydd-mot-sjukdom","17":"product_tag-sporer","18":"product_tag-virusskydd","19":"product_shipping_class-paket-1kg-30-x-20-x-10","21":"first","22":"outofstock","23":"sale","24":"shipping-taxable","25":"purchasable","26":"product-type-simple"},"jetpack_sharing_enabled":true,"_links":{"self":[{"href":"https:\/\/shop.ftteam.com\/en\/wp-json\/wp\/v2\/product\/4655","targetHints":{"allow":["GET"]}}],"collection":[{"href":"https:\/\/shop.ftteam.com\/en\/wp-json\/wp\/v2\/product"}],"about":[{"href":"https:\/\/shop.ftteam.com\/en\/wp-json\/wp\/v2\/types\/product"}],"replies":[{"embeddable":true,"href":"https:\/\/shop.ftteam.com\/en\/wp-json\/wp\/v2\/comments?post=4655"}],"wp:featuredmedia":[{"embeddable":true,"href":"https:\/\/shop.ftteam.com\/en\/wp-json\/wp\/v2\/media\/4680"}],"wp:attachment":[{"href":"https:\/\/shop.ftteam.com\/en\/wp-json\/wp\/v2\/media?parent=4655"}],"wp:term":[{"taxonomy":"product_brand","embeddable":true,"href":"https:\/\/shop.ftteam.com\/en\/wp-json\/wp\/v2\/product_brand?post=4655"},{"taxonomy":"product_cat","embeddable":true,"href":"https:\/\/shop.ftteam.com\/en\/wp-json\/wp\/v2\/product_cat?post=4655"},{"taxonomy":"product_tag","embeddable":true,"href":"https:\/\/shop.ftteam.com\/en\/wp-json\/wp\/v2\/product_tag?post=4655"}],"curies":[{"name":"wp","href":"https:\/\/api.w.org\/{rel}","templated":true}]}}