{"id":52,"date":"2018-10-25T09:05:38","date_gmt":"2018-10-25T09:05:38","guid":{"rendered":"https:\/\/shop.ftteam.com\/?post_type=product&#038;p=52"},"modified":"2023-03-11T16:20:50","modified_gmt":"2023-03-11T16:20:50","slug":"nedre-fjadersate-saab-og-900-1993","status":"publish","type":"product","link":"https:\/\/shop.ftteam.com\/en\/product\/nedre-fjadersate-saab-og-900-1993\/","title":{"rendered":"Nedre fj\u00e4ders\u00e4te Saab OG 900 &#8211;>1993"},"content":{"rendered":"<p>L\u00e4tt begagnat med l\u00e4tt ytrost. Mycket bra skick, bara m\u00e5la och anv\u00e4nda. Passar b\u00e5da sidor. Exemplaret n\u00e4rmast kameran, det andra \u00e4r s\u00e5lt.<\/p>","protected":false},"excerpt":{"rendered":"<p>L\u00e4tt begagnat med l\u00e4tt ytrost. Mycket bra skick, bara m\u00e5la och anv\u00e4nda. Passar b\u00e5da sidor. Exemplaret n\u00e4rmast kameran, det andra \u00e4r s\u00e5lt.<\/p>","protected":false},"featured_media":68,"comment_status":"open","ping_status":"closed","template":"","meta":{"advanced_seo_description":"","jetpack_seo_html_title":"","jetpack_seo_noindex":false,"jetpack_post_was_ever_published":false},"product_brand":[],"product_cat":[32,20],"product_tag":[68,69,67],"class_list":{"0":"post-52","1":"product","2":"type-product","3":"status-publish","4":"has-post-thumbnail","6":"product_cat-hjulupphangning-saab-900-1988-1993","7":"product_cat-saab","8":"product_tag-begagnat","9":"product_tag-nyskick","10":"product_tag-saab","11":"product_shipping_class-paket-1kg-30-x-20-x-10","13":"first","14":"instock","15":"sold-individually","16":"shipping-taxable","17":"purchasable","18":"product-type-simple"},"jetpack_sharing_enabled":true,"_links":{"self":[{"href":"https:\/\/shop.ftteam.com\/en\/wp-json\/wp\/v2\/product\/52","targetHints":{"allow":["GET"]}}],"collection":[{"href":"https:\/\/shop.ftteam.com\/en\/wp-json\/wp\/v2\/product"}],"about":[{"href":"https:\/\/shop.ftteam.com\/en\/wp-json\/wp\/v2\/types\/product"}],"replies":[{"embeddable":true,"href":"https:\/\/shop.ftteam.com\/en\/wp-json\/wp\/v2\/comments?post=52"}],"wp:featuredmedia":[{"embeddable":true,"href":"https:\/\/shop.ftteam.com\/en\/wp-json\/wp\/v2\/media\/68"}],"wp:attachment":[{"href":"https:\/\/shop.ftteam.com\/en\/wp-json\/wp\/v2\/media?parent=52"}],"wp:term":[{"taxonomy":"product_brand","embeddable":true,"href":"https:\/\/shop.ftteam.com\/en\/wp-json\/wp\/v2\/product_brand?post=52"},{"taxonomy":"product_cat","embeddable":true,"href":"https:\/\/shop.ftteam.com\/en\/wp-json\/wp\/v2\/product_cat?post=52"},{"taxonomy":"product_tag","embeddable":true,"href":"https:\/\/shop.ftteam.com\/en\/wp-json\/wp\/v2\/product_tag?post=52"}],"curies":[{"name":"wp","href":"https:\/\/api.w.org\/{rel}","templated":true}]}}