{"id":947,"date":"2023-04-14T07:27:10","date_gmt":"2023-04-14T07:27:10","guid":{"rendered":"https:\/\/shop.ftteam.com\/?post_type=product&#038;p=947"},"modified":"2023-04-14T07:34:55","modified_gmt":"2023-04-14T07:34:55","slug":"ford-mondeo-gen3-abs-pump","status":"publish","type":"product","link":"https:\/\/shop.ftteam.com\/en\/product\/ford-mondeo-gen3-abs-pump\/","title":{"rendered":"Ford Mondeo Gen3 ABS-pump"},"content":{"rendered":"<p>Ford Mondeo Gen3 ABS-pump.<\/p>\n<p>Se till att du vet vad du g\u00f6r om du ger dig p\u00e5 att byta ABS-komponenter. Vissa ABS-pumpar kr\u00e4ver s\u00e4rskilda procedurer f\u00f6r att luftas mm och g\u00e5r s\u00f6nder om det inte g\u00f6rs r\u00e4tt.<\/p>","protected":false},"excerpt":{"rendered":"<p>Ford Mondeo Gen3 ABS-pump<\/p>","protected":false},"featured_media":949,"comment_status":"open","ping_status":"closed","template":"","meta":{"advanced_seo_description":"","jetpack_seo_html_title":"","jetpack_seo_noindex":false,"jetpack_post_was_ever_published":false},"product_brand":[],"product_cat":[34,123,93],"product_tag":[128,129,131,132,57,130],"class_list":{"0":"post-947","1":"product","2":"type-product","3":"status-publish","4":"has-post-thumbnail","6":"product_cat-ford","7":"product_cat-ford-mondeo-bromssystem","8":"product_cat-ford-mondeo-gen3-01-06","9":"product_tag-abs","10":"product_tag-abs-pump","11":"product_tag-bromsar","12":"product_tag-bromssystem","13":"product_tag-ford","14":"product_tag-mondeo","15":"product_shipping_class-paket-5-kg-40-x-30-x-30","17":"first","18":"instock","19":"shipping-taxable","20":"purchasable","21":"product-type-simple"},"jetpack_sharing_enabled":true,"_links":{"self":[{"href":"https:\/\/shop.ftteam.com\/en\/wp-json\/wp\/v2\/product\/947","targetHints":{"allow":["GET"]}}],"collection":[{"href":"https:\/\/shop.ftteam.com\/en\/wp-json\/wp\/v2\/product"}],"about":[{"href":"https:\/\/shop.ftteam.com\/en\/wp-json\/wp\/v2\/types\/product"}],"replies":[{"embeddable":true,"href":"https:\/\/shop.ftteam.com\/en\/wp-json\/wp\/v2\/comments?post=947"}],"wp:featuredmedia":[{"embeddable":true,"href":"https:\/\/shop.ftteam.com\/en\/wp-json\/wp\/v2\/media\/949"}],"wp:attachment":[{"href":"https:\/\/shop.ftteam.com\/en\/wp-json\/wp\/v2\/media?parent=947"}],"wp:term":[{"taxonomy":"product_brand","embeddable":true,"href":"https:\/\/shop.ftteam.com\/en\/wp-json\/wp\/v2\/product_brand?post=947"},{"taxonomy":"product_cat","embeddable":true,"href":"https:\/\/shop.ftteam.com\/en\/wp-json\/wp\/v2\/product_cat?post=947"},{"taxonomy":"product_tag","embeddable":true,"href":"https:\/\/shop.ftteam.com\/en\/wp-json\/wp\/v2\/product_tag?post=947"}],"curies":[{"name":"wp","href":"https:\/\/api.w.org\/{rel}","templated":true}]}}